{"id":1559,"date":"2020-10-05T17:06:20","date_gmt":"2020-10-05T17:06:20","guid":{"rendered":"https:\/\/gflenv.com\/?page_id=1559"},"modified":"2026-02-11T16:02:27","modified_gmt":"2026-02-11T16:02:27","slug":"privacy-policy","status":"publish","type":"page","link":"https:\/\/gflenv.com\/fr\/privacy-policy\/","title":{"rendered":"Politique de confidentialit\u00e9"},"content":{"rendered":"\n<p class=\"policy-description\">Date de la derni\u00e8re r\u00e9vision : 15 janvier 2026<\/p>\n\n\n\n<p>GFL Environmental Inc. et ses soci\u00e9t\u00e9s affili\u00e9es (\u00ab GFL \u00bb, \u00ab nous \u00bb, \u00ab notre \u00bb, \u00ab nos \u00bb) fournissent des solutions environnementales \u00e0 des clients r\u00e9sidentiels, municipaux, industriels et commerciaux aux \u00c9tats-Unis et au Canada. &nbsp; Nous accordons une grande importance \u00e0 la confidentialit\u00e9 de vos donn\u00e9es et nous nous engageons \u00e0 pr\u00e9server et \u00e0 s\u00e9curiser vos informations personnelles conform\u00e9ment \u00e0 la pr\u00e9sente Politique de confidentialit\u00e9.&nbsp;&nbsp;<\/p>\n\n\n\n<div style=\"height:10px\" aria-hidden=\"true\" class=\"wp-block-spacer\"><\/div>\n\n\n\n<p class=\"policy-description\">Aux fins de la pr\u00e9sente politique de confidentialit\u00e9, les renseignements personnels d\u00e9signent toute information concernant une personne identifiable.<\/p>\n\n\n\n<p class=\"policy-description\"><\/p>\n","protected":false},"excerpt":{"rendered":"<p>Date de la derni\u00e8re r\u00e9vision : 15 janvier 2026 GFL Environmental Inc. et ses soci\u00e9t\u00e9s affili\u00e9es (\u00ab GFL \u00bb, \u00ab nous \u00bb, \u00ab notre \u00bb, \u00ab nos \u00bb) fournissent des solutions environnementales \u00e0 des clients r\u00e9sidentiels, municipaux, industriels et commerciaux aux \u00c9tats-Unis et au Canada. &nbsp; Nous accordons une grande importance \u00e0 la confidentialit\u00e9 de [&hellip;]<\/p>\n","protected":false},"author":9,"featured_media":0,"parent":0,"menu_order":0,"comment_status":"closed","ping_status":"closed","template":"templates\/template-for-privacy-policy.php","meta":{"_acf_changed":false,"inline_featured_image":false,"footnotes":""},"class_list":["post-1559","page","type-page","status-publish","hentry"],"acf":[],"yoast_head":"<!-- This site is optimized with the Yoast SEO plugin v27.4 - https:\/\/yoast.com\/product\/yoast-seo-wordpress\/ -->\n<title>Politique de confidentialit\u00e9 - GFL Environmental Inc.<\/title>\n<meta name=\"robots\" content=\"index, follow, max-snippet:-1, max-image-preview:large, max-video-preview:-1\" \/>\n<link rel=\"canonical\" href=\"https:\/\/gflenv.com\/fr\/privacy-policy\/\" \/>\n<meta property=\"og:locale\" content=\"en_US\" \/>\n<meta property=\"og:type\" content=\"article\" \/>\n<meta property=\"og:title\" content=\"Politique de confidentialit\u00e9 - GFL Environmental Inc.\" \/>\n<meta property=\"og:description\" content=\"Date de la derni\u00e8re r\u00e9vision : 15 janvier 2026 GFL Environmental Inc. et ses soci\u00e9t\u00e9s affili\u00e9es (\u00ab GFL \u00bb, \u00ab nous \u00bb, \u00ab notre \u00bb, \u00ab nos \u00bb) fournissent des solutions environnementales \u00e0 des clients r\u00e9sidentiels, municipaux, industriels et commerciaux aux \u00c9tats-Unis et au Canada. &nbsp; Nous accordons une grande importance \u00e0 la confidentialit\u00e9 de [&hellip;]\" \/>\n<meta property=\"og:url\" content=\"https:\/\/gflenv.com\/fr\/privacy-policy\/\" \/>\n<meta property=\"og:site_name\" content=\"GFL Environmental Inc.\" \/>\n<meta property=\"article:publisher\" content=\"https:\/\/www.facebook.com\/gflenvironmental\" \/>\n<meta property=\"article:modified_time\" content=\"2026-02-11T16:02:27+00:00\" \/>\n<meta name=\"twitter:card\" content=\"summary_large_image\" \/>\n<meta name=\"twitter:site\" content=\"@gflenv\" \/>\n<meta name=\"twitter:label1\" content=\"Est. reading time\" \/>\n\t<meta name=\"twitter:data1\" content=\"1 minute\" \/>\n<script type=\"application\/ld+json\" class=\"yoast-schema-graph\">{\"@context\":\"https:\\\/\\\/schema.org\",\"@graph\":[{\"@type\":\"WebPage\",\"@id\":\"https:\\\/\\\/gflenv.com\\\/fr\\\/privacy-policy\\\/\",\"url\":\"https:\\\/\\\/gflenv.com\\\/fr\\\/privacy-policy\\\/\",\"name\":\"Politique de confidentialit\u00e9 - GFL Environmental Inc.\",\"isPartOf\":{\"@id\":\"https:\\\/\\\/gflenv.com\\\/#website\"},\"datePublished\":\"2020-10-05T17:06:20+00:00\",\"dateModified\":\"2026-02-11T16:02:27+00:00\",\"breadcrumb\":{\"@id\":\"https:\\\/\\\/gflenv.com\\\/fr\\\/privacy-policy\\\/#breadcrumb\"},\"inLanguage\":\"en-CA\",\"potentialAction\":[{\"@type\":\"ReadAction\",\"target\":[\"https:\\\/\\\/gflenv.com\\\/fr\\\/privacy-policy\\\/\"]}]},{\"@type\":\"BreadcrumbList\",\"@id\":\"https:\\\/\\\/gflenv.com\\\/fr\\\/privacy-policy\\\/#breadcrumb\",\"itemListElement\":[{\"@type\":\"ListItem\",\"position\":1,\"name\":\"Home\",\"item\":\"https:\\\/\\\/gflenv.com\\\/\"},{\"@type\":\"ListItem\",\"position\":2,\"name\":\"Politique de confidentialit\u00e9\"}]},{\"@type\":\"WebSite\",\"@id\":\"https:\\\/\\\/gflenv.com\\\/#website\",\"url\":\"https:\\\/\\\/gflenv.com\\\/\",\"name\":\"GFL Environmental Inc.\",\"description\":\"Waste Management &amp; Environmental Services\",\"publisher\":{\"@id\":\"https:\\\/\\\/gflenv.com\\\/#organization\"},\"potentialAction\":[{\"@type\":\"SearchAction\",\"target\":{\"@type\":\"EntryPoint\",\"urlTemplate\":\"https:\\\/\\\/gflenv.com\\\/?s={search_term_string}\"},\"query-input\":{\"@type\":\"PropertyValueSpecification\",\"valueRequired\":true,\"valueName\":\"search_term_string\"}}],\"inLanguage\":\"en-CA\"},{\"@type\":\"Organization\",\"@id\":\"https:\\\/\\\/gflenv.com\\\/#organization\",\"name\":\"GFL Environmental Inc.\",\"alternateName\":\"GFL\",\"url\":\"https:\\\/\\\/gflenv.com\\\/\",\"logo\":{\"@type\":\"ImageObject\",\"inLanguage\":\"en-CA\",\"@id\":\"https:\\\/\\\/gflenv.com\\\/#\\\/schema\\\/logo\\\/image\\\/\",\"url\":\"https:\\\/\\\/gflenv.com\\\/wp-content\\\/uploads\\\/2025\\\/10\\\/GFL_Env_LOGO_Stacked_RGB-1.png\",\"contentUrl\":\"https:\\\/\\\/gflenv.com\\\/wp-content\\\/uploads\\\/2025\\\/10\\\/GFL_Env_LOGO_Stacked_RGB-1.png\",\"width\":1569,\"height\":1627,\"caption\":\"GFL Environmental Inc.\"},\"image\":{\"@id\":\"https:\\\/\\\/gflenv.com\\\/#\\\/schema\\\/logo\\\/image\\\/\"},\"sameAs\":[\"https:\\\/\\\/www.facebook.com\\\/gflenvironmental\",\"https:\\\/\\\/x.com\\\/gflenv\",\"https:\\\/\\\/www.linkedin.com\\\/company\\\/gflenvironmental\\\/\",\"https:\\\/\\\/www.youtube.com\\\/channel\\\/UC4j8cdyyHcZEXgSFX-jbD5g\",\"https:\\\/\\\/www.instagram.com\\\/gflenvironmental\"]}]}<\/script>\n<!-- \/ Yoast SEO plugin. -->","yoast_head_json":{"title":"Politique de confidentialit\u00e9 - GFL Environmental Inc.","robots":{"index":"index","follow":"follow","max-snippet":"max-snippet:-1","max-image-preview":"max-image-preview:large","max-video-preview":"max-video-preview:-1"},"canonical":"https:\/\/gflenv.com\/fr\/privacy-policy\/","og_locale":"en_US","og_type":"article","og_title":"Politique de confidentialit\u00e9 - GFL Environmental Inc.","og_description":"Date de la derni\u00e8re r\u00e9vision : 15 janvier 2026 GFL Environmental Inc. et ses soci\u00e9t\u00e9s affili\u00e9es (\u00ab GFL \u00bb, \u00ab nous \u00bb, \u00ab notre \u00bb, \u00ab nos \u00bb) fournissent des solutions environnementales \u00e0 des clients r\u00e9sidentiels, municipaux, industriels et commerciaux aux \u00c9tats-Unis et au Canada. &nbsp; Nous accordons une grande importance \u00e0 la confidentialit\u00e9 de [&hellip;]","og_url":"https:\/\/gflenv.com\/fr\/privacy-policy\/","og_site_name":"GFL Environmental Inc.","article_publisher":"https:\/\/www.facebook.com\/gflenvironmental","article_modified_time":"2026-02-11T16:02:27+00:00","twitter_card":"summary_large_image","twitter_site":"@gflenv","twitter_misc":{"Est. reading time":"1 minute"},"schema":{"@context":"https:\/\/schema.org","@graph":[{"@type":"WebPage","@id":"https:\/\/gflenv.com\/fr\/privacy-policy\/","url":"https:\/\/gflenv.com\/fr\/privacy-policy\/","name":"Politique de confidentialit\u00e9 - GFL Environmental Inc.","isPartOf":{"@id":"https:\/\/gflenv.com\/#website"},"datePublished":"2020-10-05T17:06:20+00:00","dateModified":"2026-02-11T16:02:27+00:00","breadcrumb":{"@id":"https:\/\/gflenv.com\/fr\/privacy-policy\/#breadcrumb"},"inLanguage":"en-CA","potentialAction":[{"@type":"ReadAction","target":["https:\/\/gflenv.com\/fr\/privacy-policy\/"]}]},{"@type":"BreadcrumbList","@id":"https:\/\/gflenv.com\/fr\/privacy-policy\/#breadcrumb","itemListElement":[{"@type":"ListItem","position":1,"name":"Home","item":"https:\/\/gflenv.com\/"},{"@type":"ListItem","position":2,"name":"Politique de confidentialit\u00e9"}]},{"@type":"WebSite","@id":"https:\/\/gflenv.com\/#website","url":"https:\/\/gflenv.com\/","name":"GFL Environmental Inc.","description":"Waste Management &amp; Environmental Services","publisher":{"@id":"https:\/\/gflenv.com\/#organization"},"potentialAction":[{"@type":"SearchAction","target":{"@type":"EntryPoint","urlTemplate":"https:\/\/gflenv.com\/?s={search_term_string}"},"query-input":{"@type":"PropertyValueSpecification","valueRequired":true,"valueName":"search_term_string"}}],"inLanguage":"en-CA"},{"@type":"Organization","@id":"https:\/\/gflenv.com\/#organization","name":"GFL Environmental Inc.","alternateName":"GFL","url":"https:\/\/gflenv.com\/","logo":{"@type":"ImageObject","inLanguage":"en-CA","@id":"https:\/\/gflenv.com\/#\/schema\/logo\/image\/","url":"https:\/\/gflenv.com\/wp-content\/uploads\/2025\/10\/GFL_Env_LOGO_Stacked_RGB-1.png","contentUrl":"https:\/\/gflenv.com\/wp-content\/uploads\/2025\/10\/GFL_Env_LOGO_Stacked_RGB-1.png","width":1569,"height":1627,"caption":"GFL Environmental Inc."},"image":{"@id":"https:\/\/gflenv.com\/#\/schema\/logo\/image\/"},"sameAs":["https:\/\/www.facebook.com\/gflenvironmental","https:\/\/x.com\/gflenv","https:\/\/www.linkedin.com\/company\/gflenvironmental\/","https:\/\/www.youtube.com\/channel\/UC4j8cdyyHcZEXgSFX-jbD5g","https:\/\/www.instagram.com\/gflenvironmental"]}]}},"_links":{"self":[{"href":"https:\/\/gflenv.com\/fr\/wp-json\/wp\/v2\/pages\/1559","targetHints":{"allow":["GET"]}}],"collection":[{"href":"https:\/\/gflenv.com\/fr\/wp-json\/wp\/v2\/pages"}],"about":[{"href":"https:\/\/gflenv.com\/fr\/wp-json\/wp\/v2\/types\/page"}],"author":[{"embeddable":true,"href":"https:\/\/gflenv.com\/fr\/wp-json\/wp\/v2\/users\/9"}],"replies":[{"embeddable":true,"href":"https:\/\/gflenv.com\/fr\/wp-json\/wp\/v2\/comments?post=1559"}],"version-history":[{"count":0,"href":"https:\/\/gflenv.com\/fr\/wp-json\/wp\/v2\/pages\/1559\/revisions"}],"wp:attachment":[{"href":"https:\/\/gflenv.com\/fr\/wp-json\/wp\/v2\/media?parent=1559"}],"curies":[{"name":"wp","href":"https:\/\/api.w.org\/{rel}","templated":true}]}}