{"id":1575,"date":"2020-09-24T10:43:15","date_gmt":"2020-09-24T10:43:15","guid":{"rendered":"https:\/\/gflenv.com\/terms-and-conditions\/"},"modified":"2021-03-11T20:04:18","modified_gmt":"2021-03-11T20:04:18","slug":"terms-and-conditions","status":"publish","type":"page","link":"https:\/\/gflenv.com\/fr\/terms-and-conditions\/","title":{"rendered":"Modalit\u00e9s et conditions d\u2019utilisation de GFL"},"content":{"rendered":"\n<p class=\"policy-description\">(le \u00ab site Web \u00bb) appartient \u00e0 GFL Environmental Inc. et est exploit\u00e9 par GFL Environmental Inc. et\/ou ses filiales et soci\u00e9t\u00e9s affili\u00e9es directes et indirectes, o\u00f9 qu\u2019elles se trouvent (collectivement, \u00ab GFL \u00bb ou \u00ab on \u00bb). Votre acc\u00e8s et votre utilisation de tout usage mat\u00e9riel sur le site Web votre acceptation des dispositions suivantes (les \u00ab conditions d\u2019utilisation \u00bb) et est conditionnels \u00e0 votre acceptation et \u00e0 votre conformit\u00e9 \u00e0 \u00e9tablissements d\u2019assurance-vie. Les pr\u00e9sentes conditions d\u2019utilisation peuvent changer de temp\u00e9rature \u00e0 autre et il vous incombe de v\u00e9rifier r\u00e9guli\u00e8rement ces miss \u00e0 jour.<\/p>\n","protected":false},"excerpt":{"rendered":"<p>(le \u00ab site Web \u00bb) appartient \u00e0 GFL Environmental Inc. et est exploit\u00e9 par GFL Environmental Inc. et\/ou ses filiales et soci\u00e9t\u00e9s affili\u00e9es directes et indirectes, o\u00f9 qu\u2019elles se trouvent (collectivement, \u00ab GFL \u00bb ou \u00ab on \u00bb). Votre acc\u00e8s et votre utilisation de tout usage mat\u00e9riel sur le site Web votre acceptation des dispositions [&hellip;]<\/p>\n","protected":false},"author":9,"featured_media":0,"parent":0,"menu_order":0,"comment_status":"closed","ping_status":"closed","template":"templates\/template-for-terms-and-conditions.php","meta":{"_acf_changed":false,"inline_featured_image":false,"footnotes":""},"class_list":["post-1575","page","type-page","status-publish","hentry"],"acf":[],"yoast_head":"<!-- This site is optimized with the Yoast SEO plugin v27.3 - https:\/\/yoast.com\/product\/yoast-seo-wordpress\/ -->\n<title>Modalit\u00e9s et conditions d\u2019utilisation de GFL - GFL Environmental Inc.<\/title>\n<meta name=\"robots\" content=\"index, follow, max-snippet:-1, max-image-preview:large, max-video-preview:-1\" \/>\n<link rel=\"canonical\" href=\"https:\/\/gflenv.com\/fr\/terms-and-conditions\/\" \/>\n<meta property=\"og:locale\" content=\"en_US\" \/>\n<meta property=\"og:type\" content=\"article\" \/>\n<meta property=\"og:title\" content=\"Modalit\u00e9s et conditions d\u2019utilisation de GFL - GFL Environmental Inc.\" \/>\n<meta property=\"og:description\" content=\"(le \u00ab site Web \u00bb) appartient \u00e0 GFL Environmental Inc. et est exploit\u00e9 par GFL Environmental Inc. et\/ou ses filiales et soci\u00e9t\u00e9s affili\u00e9es directes et indirectes, o\u00f9 qu\u2019elles se trouvent (collectivement, \u00ab GFL \u00bb ou \u00ab on \u00bb). Votre acc\u00e8s et votre utilisation de tout usage mat\u00e9riel sur le site Web votre acceptation des dispositions [&hellip;]\" \/>\n<meta property=\"og:url\" content=\"https:\/\/gflenv.com\/fr\/terms-and-conditions\/\" \/>\n<meta property=\"og:site_name\" content=\"GFL Environmental Inc.\" \/>\n<meta property=\"article:publisher\" content=\"https:\/\/www.facebook.com\/gflenvironmental\" \/>\n<meta property=\"article:modified_time\" content=\"2021-03-11T20:04:18+00:00\" \/>\n<meta name=\"twitter:card\" content=\"summary_large_image\" \/>\n<meta name=\"twitter:site\" content=\"@gflenv\" \/>\n<script type=\"application\/ld+json\" class=\"yoast-schema-graph\">{\"@context\":\"https:\\\/\\\/schema.org\",\"@graph\":[{\"@type\":\"WebPage\",\"@id\":\"https:\\\/\\\/gflenv.com\\\/fr\\\/terms-and-conditions\\\/\",\"url\":\"https:\\\/\\\/gflenv.com\\\/fr\\\/terms-and-conditions\\\/\",\"name\":\"Modalit\u00e9s et conditions d\u2019utilisation de GFL - GFL Environmental Inc.\",\"isPartOf\":{\"@id\":\"https:\\\/\\\/gflenv.com\\\/#website\"},\"datePublished\":\"2020-09-24T10:43:15+00:00\",\"dateModified\":\"2021-03-11T20:04:18+00:00\",\"breadcrumb\":{\"@id\":\"https:\\\/\\\/gflenv.com\\\/fr\\\/terms-and-conditions\\\/#breadcrumb\"},\"inLanguage\":\"en-CA\",\"potentialAction\":[{\"@type\":\"ReadAction\",\"target\":[\"https:\\\/\\\/gflenv.com\\\/fr\\\/terms-and-conditions\\\/\"]}]},{\"@type\":\"BreadcrumbList\",\"@id\":\"https:\\\/\\\/gflenv.com\\\/fr\\\/terms-and-conditions\\\/#breadcrumb\",\"itemListElement\":[{\"@type\":\"ListItem\",\"position\":1,\"name\":\"Home\",\"item\":\"https:\\\/\\\/gflenv.com\\\/\"},{\"@type\":\"ListItem\",\"position\":2,\"name\":\"Modalit\u00e9s et conditions d\u2019utilisation de GFL\"}]},{\"@type\":\"WebSite\",\"@id\":\"https:\\\/\\\/gflenv.com\\\/#website\",\"url\":\"https:\\\/\\\/gflenv.com\\\/\",\"name\":\"GFL Environmental Inc.\",\"description\":\"Waste Management &amp; Environmental Services\",\"publisher\":{\"@id\":\"https:\\\/\\\/gflenv.com\\\/#organization\"},\"potentialAction\":[{\"@type\":\"SearchAction\",\"target\":{\"@type\":\"EntryPoint\",\"urlTemplate\":\"https:\\\/\\\/gflenv.com\\\/?s={search_term_string}\"},\"query-input\":{\"@type\":\"PropertyValueSpecification\",\"valueRequired\":true,\"valueName\":\"search_term_string\"}}],\"inLanguage\":\"en-CA\"},{\"@type\":\"Organization\",\"@id\":\"https:\\\/\\\/gflenv.com\\\/#organization\",\"name\":\"GFL Environmental Inc.\",\"alternateName\":\"GFL\",\"url\":\"https:\\\/\\\/gflenv.com\\\/\",\"logo\":{\"@type\":\"ImageObject\",\"inLanguage\":\"en-CA\",\"@id\":\"https:\\\/\\\/gflenv.com\\\/#\\\/schema\\\/logo\\\/image\\\/\",\"url\":\"https:\\\/\\\/gflenv.com\\\/wp-content\\\/uploads\\\/2025\\\/10\\\/GFL_Env_LOGO_Stacked_RGB-1.png\",\"contentUrl\":\"https:\\\/\\\/gflenv.com\\\/wp-content\\\/uploads\\\/2025\\\/10\\\/GFL_Env_LOGO_Stacked_RGB-1.png\",\"width\":1569,\"height\":1627,\"caption\":\"GFL Environmental Inc.\"},\"image\":{\"@id\":\"https:\\\/\\\/gflenv.com\\\/#\\\/schema\\\/logo\\\/image\\\/\"},\"sameAs\":[\"https:\\\/\\\/www.facebook.com\\\/gflenvironmental\",\"https:\\\/\\\/x.com\\\/gflenv\",\"https:\\\/\\\/www.linkedin.com\\\/company\\\/gflenvironmental\\\/\",\"https:\\\/\\\/www.youtube.com\\\/channel\\\/UC4j8cdyyHcZEXgSFX-jbD5g\",\"https:\\\/\\\/www.instagram.com\\\/gflenvironmental\"]}]}<\/script>\n<!-- \/ Yoast SEO plugin. -->","yoast_head_json":{"title":"Modalit\u00e9s et conditions d\u2019utilisation de GFL - GFL Environmental Inc.","robots":{"index":"index","follow":"follow","max-snippet":"max-snippet:-1","max-image-preview":"max-image-preview:large","max-video-preview":"max-video-preview:-1"},"canonical":"https:\/\/gflenv.com\/fr\/terms-and-conditions\/","og_locale":"en_US","og_type":"article","og_title":"Modalit\u00e9s et conditions d\u2019utilisation de GFL - GFL Environmental Inc.","og_description":"(le \u00ab site Web \u00bb) appartient \u00e0 GFL Environmental Inc. et est exploit\u00e9 par GFL Environmental Inc. et\/ou ses filiales et soci\u00e9t\u00e9s affili\u00e9es directes et indirectes, o\u00f9 qu\u2019elles se trouvent (collectivement, \u00ab GFL \u00bb ou \u00ab on \u00bb). Votre acc\u00e8s et votre utilisation de tout usage mat\u00e9riel sur le site Web votre acceptation des dispositions [&hellip;]","og_url":"https:\/\/gflenv.com\/fr\/terms-and-conditions\/","og_site_name":"GFL Environmental Inc.","article_publisher":"https:\/\/www.facebook.com\/gflenvironmental","article_modified_time":"2021-03-11T20:04:18+00:00","twitter_card":"summary_large_image","twitter_site":"@gflenv","schema":{"@context":"https:\/\/schema.org","@graph":[{"@type":"WebPage","@id":"https:\/\/gflenv.com\/fr\/terms-and-conditions\/","url":"https:\/\/gflenv.com\/fr\/terms-and-conditions\/","name":"Modalit\u00e9s et conditions d\u2019utilisation de GFL - GFL Environmental Inc.","isPartOf":{"@id":"https:\/\/gflenv.com\/#website"},"datePublished":"2020-09-24T10:43:15+00:00","dateModified":"2021-03-11T20:04:18+00:00","breadcrumb":{"@id":"https:\/\/gflenv.com\/fr\/terms-and-conditions\/#breadcrumb"},"inLanguage":"en-CA","potentialAction":[{"@type":"ReadAction","target":["https:\/\/gflenv.com\/fr\/terms-and-conditions\/"]}]},{"@type":"BreadcrumbList","@id":"https:\/\/gflenv.com\/fr\/terms-and-conditions\/#breadcrumb","itemListElement":[{"@type":"ListItem","position":1,"name":"Home","item":"https:\/\/gflenv.com\/"},{"@type":"ListItem","position":2,"name":"Modalit\u00e9s et conditions d\u2019utilisation de GFL"}]},{"@type":"WebSite","@id":"https:\/\/gflenv.com\/#website","url":"https:\/\/gflenv.com\/","name":"GFL Environmental Inc.","description":"Waste Management &amp; Environmental Services","publisher":{"@id":"https:\/\/gflenv.com\/#organization"},"potentialAction":[{"@type":"SearchAction","target":{"@type":"EntryPoint","urlTemplate":"https:\/\/gflenv.com\/?s={search_term_string}"},"query-input":{"@type":"PropertyValueSpecification","valueRequired":true,"valueName":"search_term_string"}}],"inLanguage":"en-CA"},{"@type":"Organization","@id":"https:\/\/gflenv.com\/#organization","name":"GFL Environmental Inc.","alternateName":"GFL","url":"https:\/\/gflenv.com\/","logo":{"@type":"ImageObject","inLanguage":"en-CA","@id":"https:\/\/gflenv.com\/#\/schema\/logo\/image\/","url":"https:\/\/gflenv.com\/wp-content\/uploads\/2025\/10\/GFL_Env_LOGO_Stacked_RGB-1.png","contentUrl":"https:\/\/gflenv.com\/wp-content\/uploads\/2025\/10\/GFL_Env_LOGO_Stacked_RGB-1.png","width":1569,"height":1627,"caption":"GFL Environmental Inc."},"image":{"@id":"https:\/\/gflenv.com\/#\/schema\/logo\/image\/"},"sameAs":["https:\/\/www.facebook.com\/gflenvironmental","https:\/\/x.com\/gflenv","https:\/\/www.linkedin.com\/company\/gflenvironmental\/","https:\/\/www.youtube.com\/channel\/UC4j8cdyyHcZEXgSFX-jbD5g","https:\/\/www.instagram.com\/gflenvironmental"]}]}},"_links":{"self":[{"href":"https:\/\/gflenv.com\/fr\/wp-json\/wp\/v2\/pages\/1575","targetHints":{"allow":["GET"]}}],"collection":[{"href":"https:\/\/gflenv.com\/fr\/wp-json\/wp\/v2\/pages"}],"about":[{"href":"https:\/\/gflenv.com\/fr\/wp-json\/wp\/v2\/types\/page"}],"author":[{"embeddable":true,"href":"https:\/\/gflenv.com\/fr\/wp-json\/wp\/v2\/users\/9"}],"replies":[{"embeddable":true,"href":"https:\/\/gflenv.com\/fr\/wp-json\/wp\/v2\/comments?post=1575"}],"version-history":[{"count":0,"href":"https:\/\/gflenv.com\/fr\/wp-json\/wp\/v2\/pages\/1575\/revisions"}],"wp:attachment":[{"href":"https:\/\/gflenv.com\/fr\/wp-json\/wp\/v2\/media?parent=1575"}],"curies":[{"name":"wp","href":"https:\/\/api.w.org\/{rel}","templated":true}]}}