{"id":19779,"date":"2021-03-08T21:05:30","date_gmt":"2021-03-08T21:05:30","guid":{"rendered":"https:\/\/gflenv.com\/exemple-de-page\/"},"modified":"2021-03-11T20:15:31","modified_gmt":"2021-03-11T20:15:31","slug":"exemple-de-page","status":"publish","type":"page","link":"https:\/\/gflenv.com\/fr\/exemple-de-page\/","title":{"rendered":"Exemple de page"},"content":{"rendered":"\n<p>Ceci est un exemple de page. Elle est diff\u00e9rente d\u2019un billet de blogue parce qu\u2019elle restera au m\u00eame endroit et appara\u00eetra dans la navigation de votre site (dans la plupart des th\u00e8mes). La plupart des gens commencent par une page \u00e0 propos des pr\u00e9sentes aux visiteurs potentiels du site. Il est sous-jacent \u00e0 l\u2019insuline \u00ab quelque \u00bb choisi comme c\u00e9ci :<\/p>\n\n<blockquote class=\"wp-block-quote is-layout-flow wp-block-quote-is-layout-flow\"><p>Bonjour! Messagerie Je suis \u00e0 v\u00e9lo le jour, j\u2019aspire \u00e0 jouer la nuit, et c\u2019est mon site Web. J\u2019habite \u00e0 Los Angeles, j\u2019ai un grand chien nomm\u00e9 Jack et j\u2019aime les coladas aux piments. (Et laisser preneur sous la pluie.)<\/p><\/blockquote>\n\n<p>&#8230;ou quelques-uns ont choisi ceci :<\/p>\n\n<blockquote class=\"wp-block-quote is-layout-flow wp-block-quote-is-layout-flow\"><p>La soci\u00e9t\u00e9 XYZ Doohickey a \u00e9t\u00e9 fond\u00e9e en 1971 et fournit des doohickeys de qualit\u00e9 au public. Situ\u00e9e dans la ville de Gotham, XYZ emploie plus de 2 000 personnes et fait toutes sortes de choix incroyables pour la communaut\u00e9 de Gotham.<\/p><\/blockquote>\n\n<p>En tant que utilisateur de WordPress, votre devriez aller \u00e0 <a href=\"https:\/\/gflenv.com\/wp-admin\/\">votre tableau de bord<\/a> pour supprimer cette page et cr\u00e9er de nouvelles pages pour votre contenu. Un allure \u00e9blouissant!<\/p>\n","protected":false},"excerpt":{"rendered":"<p>Ceci est un exemple de page. Elle est diff\u00e9rente d\u2019un billet de blogue parce qu\u2019elle restera au m\u00eame endroit et appara\u00eetra dans la navigation de votre site (dans la plupart des th\u00e8mes). La plupart des gens commencent par une page \u00e0 propos des pr\u00e9sentes aux visiteurs potentiels du site. Il est sous-jacent \u00e0 l\u2019insuline \u00ab [&hellip;]<\/p>\n","protected":false},"author":9,"featured_media":0,"parent":0,"menu_order":0,"comment_status":"closed","ping_status":"open","template":"","meta":{"_acf_changed":false,"inline_featured_image":false,"footnotes":""},"class_list":["post-19779","page","type-page","status-publish","hentry"],"acf":[],"yoast_head":"<!-- This site is optimized with the Yoast SEO plugin v27.4 - https:\/\/yoast.com\/product\/yoast-seo-wordpress\/ -->\n<title>Exemple de page - GFL Environmental Inc.<\/title>\n<meta name=\"robots\" content=\"index, follow, max-snippet:-1, max-image-preview:large, max-video-preview:-1\" \/>\n<link rel=\"canonical\" href=\"https:\/\/gflenv.com\/fr\/exemple-de-page\/\" \/>\n<meta property=\"og:locale\" content=\"en_US\" \/>\n<meta property=\"og:type\" content=\"article\" \/>\n<meta property=\"og:title\" content=\"Exemple de page - GFL Environmental Inc.\" \/>\n<meta property=\"og:description\" content=\"Ceci est un exemple de page. Elle est diff\u00e9rente d\u2019un billet de blogue parce qu\u2019elle restera au m\u00eame endroit et appara\u00eetra dans la navigation de votre site (dans la plupart des th\u00e8mes). La plupart des gens commencent par une page \u00e0 propos des pr\u00e9sentes aux visiteurs potentiels du site. Il est sous-jacent \u00e0 l\u2019insuline \u00ab [&hellip;]\" \/>\n<meta property=\"og:url\" content=\"https:\/\/gflenv.com\/fr\/exemple-de-page\/\" \/>\n<meta property=\"og:site_name\" content=\"GFL Environmental Inc.\" \/>\n<meta property=\"article:publisher\" content=\"https:\/\/www.facebook.com\/gflenvironmental\" \/>\n<meta property=\"article:modified_time\" content=\"2021-03-11T20:15:31+00:00\" \/>\n<meta name=\"twitter:card\" content=\"summary_large_image\" \/>\n<meta name=\"twitter:site\" content=\"@gflenv\" \/>\n<meta name=\"twitter:label1\" content=\"Est. reading time\" \/>\n\t<meta name=\"twitter:data1\" content=\"1 minute\" \/>\n<script type=\"application\/ld+json\" class=\"yoast-schema-graph\">{\"@context\":\"https:\\\/\\\/schema.org\",\"@graph\":[{\"@type\":\"WebPage\",\"@id\":\"https:\\\/\\\/gflenv.com\\\/fr\\\/exemple-de-page\\\/\",\"url\":\"https:\\\/\\\/gflenv.com\\\/fr\\\/exemple-de-page\\\/\",\"name\":\"Exemple de page - GFL Environmental Inc.\",\"isPartOf\":{\"@id\":\"https:\\\/\\\/gflenv.com\\\/#website\"},\"datePublished\":\"2021-03-08T21:05:30+00:00\",\"dateModified\":\"2021-03-11T20:15:31+00:00\",\"breadcrumb\":{\"@id\":\"https:\\\/\\\/gflenv.com\\\/fr\\\/exemple-de-page\\\/#breadcrumb\"},\"inLanguage\":\"en-CA\",\"potentialAction\":[{\"@type\":\"ReadAction\",\"target\":[\"https:\\\/\\\/gflenv.com\\\/fr\\\/exemple-de-page\\\/\"]}]},{\"@type\":\"BreadcrumbList\",\"@id\":\"https:\\\/\\\/gflenv.com\\\/fr\\\/exemple-de-page\\\/#breadcrumb\",\"itemListElement\":[{\"@type\":\"ListItem\",\"position\":1,\"name\":\"Home\",\"item\":\"https:\\\/\\\/gflenv.com\\\/\"},{\"@type\":\"ListItem\",\"position\":2,\"name\":\"Exemple de page\"}]},{\"@type\":\"WebSite\",\"@id\":\"https:\\\/\\\/gflenv.com\\\/#website\",\"url\":\"https:\\\/\\\/gflenv.com\\\/\",\"name\":\"GFL Environmental Inc.\",\"description\":\"Waste Management &amp; Environmental Services\",\"publisher\":{\"@id\":\"https:\\\/\\\/gflenv.com\\\/#organization\"},\"potentialAction\":[{\"@type\":\"SearchAction\",\"target\":{\"@type\":\"EntryPoint\",\"urlTemplate\":\"https:\\\/\\\/gflenv.com\\\/?s={search_term_string}\"},\"query-input\":{\"@type\":\"PropertyValueSpecification\",\"valueRequired\":true,\"valueName\":\"search_term_string\"}}],\"inLanguage\":\"en-CA\"},{\"@type\":\"Organization\",\"@id\":\"https:\\\/\\\/gflenv.com\\\/#organization\",\"name\":\"GFL Environmental Inc.\",\"alternateName\":\"GFL\",\"url\":\"https:\\\/\\\/gflenv.com\\\/\",\"logo\":{\"@type\":\"ImageObject\",\"inLanguage\":\"en-CA\",\"@id\":\"https:\\\/\\\/gflenv.com\\\/#\\\/schema\\\/logo\\\/image\\\/\",\"url\":\"https:\\\/\\\/gflenv.com\\\/wp-content\\\/uploads\\\/2025\\\/10\\\/GFL_Env_LOGO_Stacked_RGB-1.png\",\"contentUrl\":\"https:\\\/\\\/gflenv.com\\\/wp-content\\\/uploads\\\/2025\\\/10\\\/GFL_Env_LOGO_Stacked_RGB-1.png\",\"width\":1569,\"height\":1627,\"caption\":\"GFL Environmental Inc.\"},\"image\":{\"@id\":\"https:\\\/\\\/gflenv.com\\\/#\\\/schema\\\/logo\\\/image\\\/\"},\"sameAs\":[\"https:\\\/\\\/www.facebook.com\\\/gflenvironmental\",\"https:\\\/\\\/x.com\\\/gflenv\",\"https:\\\/\\\/www.linkedin.com\\\/company\\\/gflenvironmental\\\/\",\"https:\\\/\\\/www.youtube.com\\\/channel\\\/UC4j8cdyyHcZEXgSFX-jbD5g\",\"https:\\\/\\\/www.instagram.com\\\/gflenvironmental\"]}]}<\/script>\n<!-- \/ Yoast SEO plugin. -->","yoast_head_json":{"title":"Exemple de page - GFL Environmental Inc.","robots":{"index":"index","follow":"follow","max-snippet":"max-snippet:-1","max-image-preview":"max-image-preview:large","max-video-preview":"max-video-preview:-1"},"canonical":"https:\/\/gflenv.com\/fr\/exemple-de-page\/","og_locale":"en_US","og_type":"article","og_title":"Exemple de page - GFL Environmental Inc.","og_description":"Ceci est un exemple de page. Elle est diff\u00e9rente d\u2019un billet de blogue parce qu\u2019elle restera au m\u00eame endroit et appara\u00eetra dans la navigation de votre site (dans la plupart des th\u00e8mes). La plupart des gens commencent par une page \u00e0 propos des pr\u00e9sentes aux visiteurs potentiels du site. Il est sous-jacent \u00e0 l\u2019insuline \u00ab [&hellip;]","og_url":"https:\/\/gflenv.com\/fr\/exemple-de-page\/","og_site_name":"GFL Environmental Inc.","article_publisher":"https:\/\/www.facebook.com\/gflenvironmental","article_modified_time":"2021-03-11T20:15:31+00:00","twitter_card":"summary_large_image","twitter_site":"@gflenv","twitter_misc":{"Est. reading time":"1 minute"},"schema":{"@context":"https:\/\/schema.org","@graph":[{"@type":"WebPage","@id":"https:\/\/gflenv.com\/fr\/exemple-de-page\/","url":"https:\/\/gflenv.com\/fr\/exemple-de-page\/","name":"Exemple de page - GFL Environmental Inc.","isPartOf":{"@id":"https:\/\/gflenv.com\/#website"},"datePublished":"2021-03-08T21:05:30+00:00","dateModified":"2021-03-11T20:15:31+00:00","breadcrumb":{"@id":"https:\/\/gflenv.com\/fr\/exemple-de-page\/#breadcrumb"},"inLanguage":"en-CA","potentialAction":[{"@type":"ReadAction","target":["https:\/\/gflenv.com\/fr\/exemple-de-page\/"]}]},{"@type":"BreadcrumbList","@id":"https:\/\/gflenv.com\/fr\/exemple-de-page\/#breadcrumb","itemListElement":[{"@type":"ListItem","position":1,"name":"Home","item":"https:\/\/gflenv.com\/"},{"@type":"ListItem","position":2,"name":"Exemple de page"}]},{"@type":"WebSite","@id":"https:\/\/gflenv.com\/#website","url":"https:\/\/gflenv.com\/","name":"GFL Environmental Inc.","description":"Waste Management &amp; Environmental Services","publisher":{"@id":"https:\/\/gflenv.com\/#organization"},"potentialAction":[{"@type":"SearchAction","target":{"@type":"EntryPoint","urlTemplate":"https:\/\/gflenv.com\/?s={search_term_string}"},"query-input":{"@type":"PropertyValueSpecification","valueRequired":true,"valueName":"search_term_string"}}],"inLanguage":"en-CA"},{"@type":"Organization","@id":"https:\/\/gflenv.com\/#organization","name":"GFL Environmental Inc.","alternateName":"GFL","url":"https:\/\/gflenv.com\/","logo":{"@type":"ImageObject","inLanguage":"en-CA","@id":"https:\/\/gflenv.com\/#\/schema\/logo\/image\/","url":"https:\/\/gflenv.com\/wp-content\/uploads\/2025\/10\/GFL_Env_LOGO_Stacked_RGB-1.png","contentUrl":"https:\/\/gflenv.com\/wp-content\/uploads\/2025\/10\/GFL_Env_LOGO_Stacked_RGB-1.png","width":1569,"height":1627,"caption":"GFL Environmental Inc."},"image":{"@id":"https:\/\/gflenv.com\/#\/schema\/logo\/image\/"},"sameAs":["https:\/\/www.facebook.com\/gflenvironmental","https:\/\/x.com\/gflenv","https:\/\/www.linkedin.com\/company\/gflenvironmental\/","https:\/\/www.youtube.com\/channel\/UC4j8cdyyHcZEXgSFX-jbD5g","https:\/\/www.instagram.com\/gflenvironmental"]}]}},"_links":{"self":[{"href":"https:\/\/gflenv.com\/fr\/wp-json\/wp\/v2\/pages\/19779","targetHints":{"allow":["GET"]}}],"collection":[{"href":"https:\/\/gflenv.com\/fr\/wp-json\/wp\/v2\/pages"}],"about":[{"href":"https:\/\/gflenv.com\/fr\/wp-json\/wp\/v2\/types\/page"}],"author":[{"embeddable":true,"href":"https:\/\/gflenv.com\/fr\/wp-json\/wp\/v2\/users\/9"}],"replies":[{"embeddable":true,"href":"https:\/\/gflenv.com\/fr\/wp-json\/wp\/v2\/comments?post=19779"}],"version-history":[{"count":0,"href":"https:\/\/gflenv.com\/fr\/wp-json\/wp\/v2\/pages\/19779\/revisions"}],"wp:attachment":[{"href":"https:\/\/gflenv.com\/fr\/wp-json\/wp\/v2\/media?parent=19779"}],"curies":[{"name":"wp","href":"https:\/\/api.w.org\/{rel}","templated":true}]}}