{"id":2729,"date":"2020-09-09T10:17:33","date_gmt":"2020-09-09T10:17:33","guid":{"rendered":"https:\/\/gflenv.com\/our-services\/for-home\/residential-solid-waste\/"},"modified":"2021-05-25T18:59:57","modified_gmt":"2021-05-25T18:59:57","slug":"residential-solid-waste","status":"publish","type":"page","link":"https:\/\/gflenv.com\/fr\/our-services\/for-home\/residential-solid-waste\/","title":{"rendered":"COLLECTE R\u00c9SIDENTIELLE"},"content":{"rendered":"","protected":false},"excerpt":{"rendered":"","protected":false},"author":9,"featured_media":0,"parent":1450,"menu_order":0,"comment_status":"closed","ping_status":"closed","template":"templates\/template-level-2.php","meta":{"_acf_changed":false,"inline_featured_image":false,"footnotes":""},"class_list":["post-2729","page","type-page","status-publish","hentry"],"acf":[],"yoast_head":"<!-- This site is optimized with the Yoast SEO plugin v27.2 - https:\/\/yoast.com\/product\/yoast-seo-wordpress\/ -->\n<title>COLLECTE R\u00c9SIDENTIELLE - GFL Environmental Inc.<\/title>\n<meta name=\"description\" content=\"GFL offre une gamme de services de collecte et de recyclage des d\u00e9chets pratiques, s\u00e9curitaires et \u00e9conomiques aux m\u00e9nages de toute l\u2019Am\u00e9rique du Nord.\" \/>\n<meta name=\"robots\" content=\"index, follow, max-snippet:-1, max-image-preview:large, max-video-preview:-1\" \/>\n<link rel=\"canonical\" href=\"https:\/\/gflenv.com\/fr\/our-services\/for-home\/residential-solid-waste\/\" \/>\n<meta property=\"og:locale\" content=\"en_US\" \/>\n<meta property=\"og:type\" content=\"article\" \/>\n<meta property=\"og:title\" content=\"COLLECTE R\u00c9SIDENTIELLE - GFL Environmental Inc.\" \/>\n<meta property=\"og:description\" content=\"GFL offre une gamme de services de collecte et de recyclage des d\u00e9chets pratiques, s\u00e9curitaires et \u00e9conomiques aux m\u00e9nages de toute l\u2019Am\u00e9rique du Nord.\" \/>\n<meta property=\"og:url\" content=\"https:\/\/gflenv.com\/fr\/our-services\/for-home\/residential-solid-waste\/\" \/>\n<meta property=\"og:site_name\" content=\"GFL Environmental Inc.\" \/>\n<meta property=\"article:publisher\" content=\"https:\/\/www.facebook.com\/gflenvironmental\" \/>\n<meta property=\"article:modified_time\" content=\"2021-05-25T18:59:57+00:00\" \/>\n<meta name=\"twitter:card\" content=\"summary_large_image\" \/>\n<meta name=\"twitter:site\" content=\"@gflenv\" \/>\n<script type=\"application\/ld+json\" class=\"yoast-schema-graph\">{\"@context\":\"https:\/\/schema.org\",\"@graph\":[{\"@type\":\"WebPage\",\"@id\":\"https:\/\/gflenv.com\/fr\/our-services\/for-home\/residential-solid-waste\/\",\"url\":\"https:\/\/gflenv.com\/fr\/our-services\/for-home\/residential-solid-waste\/\",\"name\":\"COLLECTE R\u00c9SIDENTIELLE - GFL Environmental Inc.\",\"isPartOf\":{\"@id\":\"https:\/\/gflenv.com\/#website\"},\"datePublished\":\"2020-09-09T10:17:33+00:00\",\"dateModified\":\"2021-05-25T18:59:57+00:00\",\"description\":\"GFL offre une gamme de services de collecte et de recyclage des d\u00e9chets pratiques, s\u00e9curitaires et \u00e9conomiques aux m\u00e9nages de toute l\u2019Am\u00e9rique du Nord.\",\"breadcrumb\":{\"@id\":\"https:\/\/gflenv.com\/fr\/our-services\/for-home\/residential-solid-waste\/#breadcrumb\"},\"inLanguage\":\"en-CA\",\"potentialAction\":[{\"@type\":\"ReadAction\",\"target\":[\"https:\/\/gflenv.com\/fr\/our-services\/for-home\/residential-solid-waste\/\"]}]},{\"@type\":\"BreadcrumbList\",\"@id\":\"https:\/\/gflenv.com\/fr\/our-services\/for-home\/residential-solid-waste\/#breadcrumb\",\"itemListElement\":[{\"@type\":\"ListItem\",\"position\":1,\"name\":\"Home\",\"item\":\"https:\/\/gflenv.com\/\"},{\"@type\":\"ListItem\",\"position\":2,\"name\":\"SERVICES\",\"item\":\"https:\/\/gflenv.com\/fr\/our-services\/\"},{\"@type\":\"ListItem\",\"position\":3,\"name\":\"SERVICES R\u00c9SIDENTIELS\",\"item\":\"https:\/\/gflenv.com\/fr\/our-services\/for-home\/\"},{\"@type\":\"ListItem\",\"position\":4,\"name\":\"COLLECTE R\u00c9SIDENTIELLE\"}]},{\"@type\":\"WebSite\",\"@id\":\"https:\/\/gflenv.com\/#website\",\"url\":\"https:\/\/gflenv.com\/\",\"name\":\"GFL Environmental Inc.\",\"description\":\"Waste Management &amp; Environmental Services\",\"publisher\":{\"@id\":\"https:\/\/gflenv.com\/#organization\"},\"potentialAction\":[{\"@type\":\"SearchAction\",\"target\":{\"@type\":\"EntryPoint\",\"urlTemplate\":\"https:\/\/gflenv.com\/?s={search_term_string}\"},\"query-input\":{\"@type\":\"PropertyValueSpecification\",\"valueRequired\":true,\"valueName\":\"search_term_string\"}}],\"inLanguage\":\"en-CA\"},{\"@type\":\"Organization\",\"@id\":\"https:\/\/gflenv.com\/#organization\",\"name\":\"GFL Environmental Inc.\",\"alternateName\":\"GFL\",\"url\":\"https:\/\/gflenv.com\/\",\"logo\":{\"@type\":\"ImageObject\",\"inLanguage\":\"en-CA\",\"@id\":\"https:\/\/gflenv.com\/#\/schema\/logo\/image\/\",\"url\":\"https:\/\/gflenv.com\/wp-content\/uploads\/2025\/10\/GFL_Env_LOGO_Stacked_RGB-1.png\",\"contentUrl\":\"https:\/\/gflenv.com\/wp-content\/uploads\/2025\/10\/GFL_Env_LOGO_Stacked_RGB-1.png\",\"width\":1569,\"height\":1627,\"caption\":\"GFL Environmental Inc.\"},\"image\":{\"@id\":\"https:\/\/gflenv.com\/#\/schema\/logo\/image\/\"},\"sameAs\":[\"https:\/\/www.facebook.com\/gflenvironmental\",\"https:\/\/x.com\/gflenv\",\"https:\/\/www.linkedin.com\/company\/gflenvironmental\/\",\"https:\/\/www.youtube.com\/channel\/UC4j8cdyyHcZEXgSFX-jbD5g\",\"https:\/\/www.instagram.com\/gflenvironmental\"]}]}<\/script>\n<!-- \/ Yoast SEO plugin. -->","yoast_head_json":{"title":"COLLECTE R\u00c9SIDENTIELLE - GFL Environmental Inc.","description":"GFL offre une gamme de services de collecte et de recyclage des d\u00e9chets pratiques, s\u00e9curitaires et \u00e9conomiques aux m\u00e9nages de toute l\u2019Am\u00e9rique du Nord.","robots":{"index":"index","follow":"follow","max-snippet":"max-snippet:-1","max-image-preview":"max-image-preview:large","max-video-preview":"max-video-preview:-1"},"canonical":"https:\/\/gflenv.com\/fr\/our-services\/for-home\/residential-solid-waste\/","og_locale":"en_US","og_type":"article","og_title":"COLLECTE R\u00c9SIDENTIELLE - GFL Environmental Inc.","og_description":"GFL offre une gamme de services de collecte et de recyclage des d\u00e9chets pratiques, s\u00e9curitaires et \u00e9conomiques aux m\u00e9nages de toute l\u2019Am\u00e9rique du Nord.","og_url":"https:\/\/gflenv.com\/fr\/our-services\/for-home\/residential-solid-waste\/","og_site_name":"GFL Environmental Inc.","article_publisher":"https:\/\/www.facebook.com\/gflenvironmental","article_modified_time":"2021-05-25T18:59:57+00:00","twitter_card":"summary_large_image","twitter_site":"@gflenv","schema":{"@context":"https:\/\/schema.org","@graph":[{"@type":"WebPage","@id":"https:\/\/gflenv.com\/fr\/our-services\/for-home\/residential-solid-waste\/","url":"https:\/\/gflenv.com\/fr\/our-services\/for-home\/residential-solid-waste\/","name":"COLLECTE R\u00c9SIDENTIELLE - GFL Environmental Inc.","isPartOf":{"@id":"https:\/\/gflenv.com\/#website"},"datePublished":"2020-09-09T10:17:33+00:00","dateModified":"2021-05-25T18:59:57+00:00","description":"GFL offre une gamme de services de collecte et de recyclage des d\u00e9chets pratiques, s\u00e9curitaires et \u00e9conomiques aux m\u00e9nages de toute l\u2019Am\u00e9rique du Nord.","breadcrumb":{"@id":"https:\/\/gflenv.com\/fr\/our-services\/for-home\/residential-solid-waste\/#breadcrumb"},"inLanguage":"en-CA","potentialAction":[{"@type":"ReadAction","target":["https:\/\/gflenv.com\/fr\/our-services\/for-home\/residential-solid-waste\/"]}]},{"@type":"BreadcrumbList","@id":"https:\/\/gflenv.com\/fr\/our-services\/for-home\/residential-solid-waste\/#breadcrumb","itemListElement":[{"@type":"ListItem","position":1,"name":"Home","item":"https:\/\/gflenv.com\/"},{"@type":"ListItem","position":2,"name":"SERVICES","item":"https:\/\/gflenv.com\/fr\/our-services\/"},{"@type":"ListItem","position":3,"name":"SERVICES R\u00c9SIDENTIELS","item":"https:\/\/gflenv.com\/fr\/our-services\/for-home\/"},{"@type":"ListItem","position":4,"name":"COLLECTE R\u00c9SIDENTIELLE"}]},{"@type":"WebSite","@id":"https:\/\/gflenv.com\/#website","url":"https:\/\/gflenv.com\/","name":"GFL Environmental Inc.","description":"Waste Management &amp; Environmental Services","publisher":{"@id":"https:\/\/gflenv.com\/#organization"},"potentialAction":[{"@type":"SearchAction","target":{"@type":"EntryPoint","urlTemplate":"https:\/\/gflenv.com\/?s={search_term_string}"},"query-input":{"@type":"PropertyValueSpecification","valueRequired":true,"valueName":"search_term_string"}}],"inLanguage":"en-CA"},{"@type":"Organization","@id":"https:\/\/gflenv.com\/#organization","name":"GFL Environmental Inc.","alternateName":"GFL","url":"https:\/\/gflenv.com\/","logo":{"@type":"ImageObject","inLanguage":"en-CA","@id":"https:\/\/gflenv.com\/#\/schema\/logo\/image\/","url":"https:\/\/gflenv.com\/wp-content\/uploads\/2025\/10\/GFL_Env_LOGO_Stacked_RGB-1.png","contentUrl":"https:\/\/gflenv.com\/wp-content\/uploads\/2025\/10\/GFL_Env_LOGO_Stacked_RGB-1.png","width":1569,"height":1627,"caption":"GFL Environmental Inc."},"image":{"@id":"https:\/\/gflenv.com\/#\/schema\/logo\/image\/"},"sameAs":["https:\/\/www.facebook.com\/gflenvironmental","https:\/\/x.com\/gflenv","https:\/\/www.linkedin.com\/company\/gflenvironmental\/","https:\/\/www.youtube.com\/channel\/UC4j8cdyyHcZEXgSFX-jbD5g","https:\/\/www.instagram.com\/gflenvironmental"]}]}},"_links":{"self":[{"href":"https:\/\/gflenv.com\/fr\/wp-json\/wp\/v2\/pages\/2729","targetHints":{"allow":["GET"]}}],"collection":[{"href":"https:\/\/gflenv.com\/fr\/wp-json\/wp\/v2\/pages"}],"about":[{"href":"https:\/\/gflenv.com\/fr\/wp-json\/wp\/v2\/types\/page"}],"author":[{"embeddable":true,"href":"https:\/\/gflenv.com\/fr\/wp-json\/wp\/v2\/users\/9"}],"replies":[{"embeddable":true,"href":"https:\/\/gflenv.com\/fr\/wp-json\/wp\/v2\/comments?post=2729"}],"version-history":[{"count":0,"href":"https:\/\/gflenv.com\/fr\/wp-json\/wp\/v2\/pages\/2729\/revisions"}],"up":[{"embeddable":true,"href":"https:\/\/gflenv.com\/fr\/wp-json\/wp\/v2\/pages\/1450"}],"wp:attachment":[{"href":"https:\/\/gflenv.com\/fr\/wp-json\/wp\/v2\/media?parent=2729"}],"curies":[{"name":"wp","href":"https:\/\/api.w.org\/{rel}","templated":true}]}}