{"id":2824,"date":"2020-09-09T10:09:35","date_gmt":"2020-09-09T10:09:35","guid":{"rendered":"https:\/\/gflenv.com\/our-services\/for-government\/brokers\/"},"modified":"2021-03-11T20:15:21","modified_gmt":"2021-03-11T20:15:21","slug":"brokers","status":"publish","type":"page","link":"https:\/\/gflenv.com\/fr\/our-services\/for-government\/brokers\/","title":{"rendered":"COURTIERS"},"content":{"rendered":"","protected":false},"excerpt":{"rendered":"","protected":false},"author":9,"featured_media":0,"parent":2812,"menu_order":0,"comment_status":"closed","ping_status":"closed","template":"templates\/template-brokers-level-2.php","meta":{"_acf_changed":false,"inline_featured_image":false,"footnotes":""},"class_list":["post-2824","page","type-page","status-publish","hentry"],"acf":[],"yoast_head":"<!-- This site is optimized with the Yoast SEO plugin v27.2 - https:\/\/yoast.com\/product\/yoast-seo-wordpress\/ -->\n<title>COURTIERS - GFL Environmental Inc.<\/title>\n<meta name=\"description\" content=\"GFL personnalise des solutions de gestion des d\u00e9chets pour les clients commerciaux, institutionnels et industriels. Apprenez-en davantage aupr\u00e8s de notre \u00e9quipe des relations avec les courtiers.\" \/>\n<meta name=\"robots\" content=\"index, follow, max-snippet:-1, max-image-preview:large, max-video-preview:-1\" \/>\n<link rel=\"canonical\" href=\"https:\/\/gflenv.com\/fr\/our-services\/for-government\/brokers\/\" \/>\n<meta property=\"og:locale\" content=\"en_US\" \/>\n<meta property=\"og:type\" content=\"article\" \/>\n<meta property=\"og:title\" content=\"COURTIERS - GFL Environmental Inc.\" \/>\n<meta property=\"og:description\" content=\"GFL personnalise des solutions de gestion des d\u00e9chets pour les clients commerciaux, institutionnels et industriels. Apprenez-en davantage aupr\u00e8s de notre \u00e9quipe des relations avec les courtiers.\" \/>\n<meta property=\"og:url\" content=\"https:\/\/gflenv.com\/fr\/our-services\/for-government\/brokers\/\" \/>\n<meta property=\"og:site_name\" content=\"GFL Environmental Inc.\" \/>\n<meta property=\"article:publisher\" content=\"https:\/\/www.facebook.com\/gflenvironmental\" \/>\n<meta property=\"article:modified_time\" content=\"2021-03-11T20:15:21+00:00\" \/>\n<meta name=\"twitter:card\" content=\"summary_large_image\" \/>\n<meta name=\"twitter:site\" content=\"@gflenv\" \/>\n<script type=\"application\/ld+json\" class=\"yoast-schema-graph\">{\"@context\":\"https:\/\/schema.org\",\"@graph\":[{\"@type\":\"WebPage\",\"@id\":\"https:\/\/gflenv.com\/fr\/our-services\/for-government\/brokers\/\",\"url\":\"https:\/\/gflenv.com\/fr\/our-services\/for-government\/brokers\/\",\"name\":\"COURTIERS - GFL Environmental Inc.\",\"isPartOf\":{\"@id\":\"https:\/\/gflenv.com\/#website\"},\"datePublished\":\"2020-09-09T10:09:35+00:00\",\"dateModified\":\"2021-03-11T20:15:21+00:00\",\"description\":\"GFL personnalise des solutions de gestion des d\u00e9chets pour les clients commerciaux, institutionnels et industriels. Apprenez-en davantage aupr\u00e8s de notre \u00e9quipe des relations avec les courtiers.\",\"breadcrumb\":{\"@id\":\"https:\/\/gflenv.com\/fr\/our-services\/for-government\/brokers\/#breadcrumb\"},\"inLanguage\":\"en-CA\",\"potentialAction\":[{\"@type\":\"ReadAction\",\"target\":[\"https:\/\/gflenv.com\/fr\/our-services\/for-government\/brokers\/\"]}]},{\"@type\":\"BreadcrumbList\",\"@id\":\"https:\/\/gflenv.com\/fr\/our-services\/for-government\/brokers\/#breadcrumb\",\"itemListElement\":[{\"@type\":\"ListItem\",\"position\":1,\"name\":\"Home\",\"item\":\"https:\/\/gflenv.com\/\"},{\"@type\":\"ListItem\",\"position\":2,\"name\":\"SERVICES\",\"item\":\"https:\/\/gflenv.com\/fr\/our-services\/\"},{\"@type\":\"ListItem\",\"position\":3,\"name\":\"SERVICES AUX GOUVERNEMENTS\",\"item\":\"https:\/\/gflenv.com\/fr\/our-services\/for-government\/\"},{\"@type\":\"ListItem\",\"position\":4,\"name\":\"COURTIERS\"}]},{\"@type\":\"WebSite\",\"@id\":\"https:\/\/gflenv.com\/#website\",\"url\":\"https:\/\/gflenv.com\/\",\"name\":\"GFL Environmental Inc.\",\"description\":\"Waste Management &amp; Environmental Services\",\"publisher\":{\"@id\":\"https:\/\/gflenv.com\/#organization\"},\"potentialAction\":[{\"@type\":\"SearchAction\",\"target\":{\"@type\":\"EntryPoint\",\"urlTemplate\":\"https:\/\/gflenv.com\/?s={search_term_string}\"},\"query-input\":{\"@type\":\"PropertyValueSpecification\",\"valueRequired\":true,\"valueName\":\"search_term_string\"}}],\"inLanguage\":\"en-CA\"},{\"@type\":\"Organization\",\"@id\":\"https:\/\/gflenv.com\/#organization\",\"name\":\"GFL Environmental Inc.\",\"alternateName\":\"GFL\",\"url\":\"https:\/\/gflenv.com\/\",\"logo\":{\"@type\":\"ImageObject\",\"inLanguage\":\"en-CA\",\"@id\":\"https:\/\/gflenv.com\/#\/schema\/logo\/image\/\",\"url\":\"https:\/\/gflenv.com\/wp-content\/uploads\/2025\/10\/GFL_Env_LOGO_Stacked_RGB-1.png\",\"contentUrl\":\"https:\/\/gflenv.com\/wp-content\/uploads\/2025\/10\/GFL_Env_LOGO_Stacked_RGB-1.png\",\"width\":1569,\"height\":1627,\"caption\":\"GFL Environmental Inc.\"},\"image\":{\"@id\":\"https:\/\/gflenv.com\/#\/schema\/logo\/image\/\"},\"sameAs\":[\"https:\/\/www.facebook.com\/gflenvironmental\",\"https:\/\/x.com\/gflenv\",\"https:\/\/www.linkedin.com\/company\/gflenvironmental\/\",\"https:\/\/www.youtube.com\/channel\/UC4j8cdyyHcZEXgSFX-jbD5g\",\"https:\/\/www.instagram.com\/gflenvironmental\"]}]}<\/script>\n<!-- \/ Yoast SEO plugin. -->","yoast_head_json":{"title":"COURTIERS - GFL Environmental Inc.","description":"GFL personnalise des solutions de gestion des d\u00e9chets pour les clients commerciaux, institutionnels et industriels. Apprenez-en davantage aupr\u00e8s de notre \u00e9quipe des relations avec les courtiers.","robots":{"index":"index","follow":"follow","max-snippet":"max-snippet:-1","max-image-preview":"max-image-preview:large","max-video-preview":"max-video-preview:-1"},"canonical":"https:\/\/gflenv.com\/fr\/our-services\/for-government\/brokers\/","og_locale":"en_US","og_type":"article","og_title":"COURTIERS - GFL Environmental Inc.","og_description":"GFL personnalise des solutions de gestion des d\u00e9chets pour les clients commerciaux, institutionnels et industriels. Apprenez-en davantage aupr\u00e8s de notre \u00e9quipe des relations avec les courtiers.","og_url":"https:\/\/gflenv.com\/fr\/our-services\/for-government\/brokers\/","og_site_name":"GFL Environmental Inc.","article_publisher":"https:\/\/www.facebook.com\/gflenvironmental","article_modified_time":"2021-03-11T20:15:21+00:00","twitter_card":"summary_large_image","twitter_site":"@gflenv","schema":{"@context":"https:\/\/schema.org","@graph":[{"@type":"WebPage","@id":"https:\/\/gflenv.com\/fr\/our-services\/for-government\/brokers\/","url":"https:\/\/gflenv.com\/fr\/our-services\/for-government\/brokers\/","name":"COURTIERS - GFL Environmental Inc.","isPartOf":{"@id":"https:\/\/gflenv.com\/#website"},"datePublished":"2020-09-09T10:09:35+00:00","dateModified":"2021-03-11T20:15:21+00:00","description":"GFL personnalise des solutions de gestion des d\u00e9chets pour les clients commerciaux, institutionnels et industriels. Apprenez-en davantage aupr\u00e8s de notre \u00e9quipe des relations avec les courtiers.","breadcrumb":{"@id":"https:\/\/gflenv.com\/fr\/our-services\/for-government\/brokers\/#breadcrumb"},"inLanguage":"en-CA","potentialAction":[{"@type":"ReadAction","target":["https:\/\/gflenv.com\/fr\/our-services\/for-government\/brokers\/"]}]},{"@type":"BreadcrumbList","@id":"https:\/\/gflenv.com\/fr\/our-services\/for-government\/brokers\/#breadcrumb","itemListElement":[{"@type":"ListItem","position":1,"name":"Home","item":"https:\/\/gflenv.com\/"},{"@type":"ListItem","position":2,"name":"SERVICES","item":"https:\/\/gflenv.com\/fr\/our-services\/"},{"@type":"ListItem","position":3,"name":"SERVICES AUX GOUVERNEMENTS","item":"https:\/\/gflenv.com\/fr\/our-services\/for-government\/"},{"@type":"ListItem","position":4,"name":"COURTIERS"}]},{"@type":"WebSite","@id":"https:\/\/gflenv.com\/#website","url":"https:\/\/gflenv.com\/","name":"GFL Environmental Inc.","description":"Waste Management &amp; Environmental Services","publisher":{"@id":"https:\/\/gflenv.com\/#organization"},"potentialAction":[{"@type":"SearchAction","target":{"@type":"EntryPoint","urlTemplate":"https:\/\/gflenv.com\/?s={search_term_string}"},"query-input":{"@type":"PropertyValueSpecification","valueRequired":true,"valueName":"search_term_string"}}],"inLanguage":"en-CA"},{"@type":"Organization","@id":"https:\/\/gflenv.com\/#organization","name":"GFL Environmental Inc.","alternateName":"GFL","url":"https:\/\/gflenv.com\/","logo":{"@type":"ImageObject","inLanguage":"en-CA","@id":"https:\/\/gflenv.com\/#\/schema\/logo\/image\/","url":"https:\/\/gflenv.com\/wp-content\/uploads\/2025\/10\/GFL_Env_LOGO_Stacked_RGB-1.png","contentUrl":"https:\/\/gflenv.com\/wp-content\/uploads\/2025\/10\/GFL_Env_LOGO_Stacked_RGB-1.png","width":1569,"height":1627,"caption":"GFL Environmental Inc."},"image":{"@id":"https:\/\/gflenv.com\/#\/schema\/logo\/image\/"},"sameAs":["https:\/\/www.facebook.com\/gflenvironmental","https:\/\/x.com\/gflenv","https:\/\/www.linkedin.com\/company\/gflenvironmental\/","https:\/\/www.youtube.com\/channel\/UC4j8cdyyHcZEXgSFX-jbD5g","https:\/\/www.instagram.com\/gflenvironmental"]}]}},"_links":{"self":[{"href":"https:\/\/gflenv.com\/fr\/wp-json\/wp\/v2\/pages\/2824","targetHints":{"allow":["GET"]}}],"collection":[{"href":"https:\/\/gflenv.com\/fr\/wp-json\/wp\/v2\/pages"}],"about":[{"href":"https:\/\/gflenv.com\/fr\/wp-json\/wp\/v2\/types\/page"}],"author":[{"embeddable":true,"href":"https:\/\/gflenv.com\/fr\/wp-json\/wp\/v2\/users\/9"}],"replies":[{"embeddable":true,"href":"https:\/\/gflenv.com\/fr\/wp-json\/wp\/v2\/comments?post=2824"}],"version-history":[{"count":0,"href":"https:\/\/gflenv.com\/fr\/wp-json\/wp\/v2\/pages\/2824\/revisions"}],"up":[{"embeddable":true,"href":"https:\/\/gflenv.com\/fr\/wp-json\/wp\/v2\/pages\/2812"}],"wp:attachment":[{"href":"https:\/\/gflenv.com\/fr\/wp-json\/wp\/v2\/media?parent=2824"}],"curies":[{"name":"wp","href":"https:\/\/api.w.org\/{rel}","templated":true}]}}